{"id":466,"date":"2024-03-08T11:49:01","date_gmt":"2024-03-08T14:49:01","guid":{"rendered":"https:\/\/meuherba.com\/?page_id=466"},"modified":"2024-03-21T17:27:50","modified_gmt":"2024-03-21T20:27:50","slug":"fi","status":"publish","type":"page","link":"https:\/\/meuherba.com.br\/index.php\/fi\/","title":{"rendered":"Fiberbond"},"content":{"rendered":"\t\t<div data-elementor-type=\"wp-page\" data-elementor-id=\"466\" class=\"elementor elementor-466\" data-elementor-post-type=\"page\">\n\t\t\t\t<div class=\"elementor-element elementor-element-4651cb6 e-flex e-con-boxed e-con e-parent\" data-id=\"4651cb6\" data-element_type=\"container\" data-settings=\"{&quot;content_width&quot;:&quot;boxed&quot;}\" data-core-v316-plus=\"true\">\n\t\t\t\t\t<div class=\"e-con-inner\">\n\t\t<div class=\"elementor-element elementor-element-dcac2cf e-con-full e-flex e-con e-child\" data-id=\"dcac2cf\" data-element_type=\"container\" data-settings=\"{&quot;content_width&quot;:&quot;full&quot;}\">\n\t\t\t\t<div class=\"elementor-element elementor-element-5c3b8f8 elementor-widget elementor-widget-image\" data-id=\"5c3b8f8\" data-element_type=\"widget\" data-widget_type=\"image.default\">\n\t\t\t\t<div class=\"elementor-widget-container\">\n\t\t\t<style>\/*! elementor - v3.19.0 - 28-02-2024 *\/\n.elementor-widget-image{text-align:center}.elementor-widget-image a{display:inline-block}.elementor-widget-image a img[src$=\".svg\"]{width:48px}.elementor-widget-image img{vertical-align:middle;display:inline-block}<\/style>\t\t\t\t\t\t\t\t\t\t<img fetchpriority=\"high\" decoding=\"async\" width=\"303\" height=\"320\" src=\"https:\/\/meuherba.com.br\/wp-content\/uploads\/2024\/03\/6-9830-fiberbond.webp\" class=\"attachment-large size-large wp-image-405\" alt=\"\" srcset=\"https:\/\/meuherba.com.br\/wp-content\/uploads\/2024\/03\/6-9830-fiberbond.webp 303w, https:\/\/meuherba.com.br\/wp-content\/uploads\/2024\/03\/6-9830-fiberbond-284x300.webp 284w, https:\/\/meuherba.com.br\/wp-content\/uploads\/2024\/03\/6-9830-fiberbond-64x68.webp 64w\" sizes=\"(max-width: 303px) 100vw, 303px\" \/>\t\t\t\t\t\t\t\t\t\t\t\t\t<\/div>\n\t\t\t\t<\/div>\n\t\t\t\t<\/div>\n\t\t<div class=\"elementor-element elementor-element-9da09a3 e-con-full e-flex e-con e-child\" data-id=\"9da09a3\" data-element_type=\"container\" data-settings=\"{&quot;content_width&quot;:&quot;full&quot;}\">\n\t\t\t\t<div class=\"elementor-element elementor-element-4d052d1 elementor-widget elementor-widget-heading\" data-id=\"4d052d1\" data-element_type=\"widget\" data-widget_type=\"heading.default\">\n\t\t\t\t<div class=\"elementor-widget-container\">\n\t\t\t<style>\/*! elementor - v3.19.0 - 28-02-2024 *\/\n.elementor-heading-title{padding:0;margin:0;line-height:1}.elementor-widget-heading .elementor-heading-title[class*=elementor-size-]>a{color:inherit;font-size:inherit;line-height:inherit}.elementor-widget-heading .elementor-heading-title.elementor-size-small{font-size:15px}.elementor-widget-heading .elementor-heading-title.elementor-size-medium{font-size:19px}.elementor-widget-heading .elementor-heading-title.elementor-size-large{font-size:29px}.elementor-widget-heading .elementor-heading-title.elementor-size-xl{font-size:39px}.elementor-widget-heading .elementor-heading-title.elementor-size-xxl{font-size:59px}<\/style><h2 class=\"elementor-heading-title elementor-size-default\">Fiberbond 180 Tabletes\n<\/h2>\t\t<\/div>\n\t\t\t\t<\/div>\n\t\t\t\t<div class=\"elementor-element elementor-element-42a9032 elementor-align-left elementor-mobile-align-center elementor-widget elementor-widget-button\" data-id=\"42a9032\" data-element_type=\"widget\" data-widget_type=\"button.default\">\n\t\t\t\t<div class=\"elementor-widget-container\">\n\t\t\t\t\t<div class=\"elementor-button-wrapper\">\n\t\t\t<a class=\"elementor-button elementor-button-link elementor-size-sm\" href=\"https:\/\/api.whatsapp.com\/send?phone=5511971829371&#038;text=Ol%C3%A1,%20gostaria%20de%20adquirir%20o%20fiberbond\">\n\t\t\t\t\t\t<span class=\"elementor-button-content-wrapper\">\n\t\t\t\t\t\t<span class=\"elementor-button-text\">Quero adiquirir<\/span>\n\t\t<\/span>\n\t\t\t\t\t<\/a>\n\t\t<\/div>\n\t\t\t\t<\/div>\n\t\t\t\t<\/div>\n\t\t\t\t<\/div>\n\t\t\t\t\t<\/div>\n\t\t\t\t<\/div>\n\t\t<div class=\"elementor-element elementor-element-7a3c051 e-flex e-con-boxed e-con e-parent\" data-id=\"7a3c051\" data-element_type=\"container\" data-settings=\"{&quot;background_background&quot;:&quot;classic&quot;,&quot;content_width&quot;:&quot;boxed&quot;}\" data-core-v316-plus=\"true\">\n\t\t\t\t\t<div class=\"e-con-inner\">\n\t\t\t\t\t<\/div>\n\t\t\t\t<\/div>\n\t\t<div class=\"elementor-element elementor-element-eb8ba83 e-flex e-con-boxed e-con e-parent\" data-id=\"eb8ba83\" data-element_type=\"container\" data-settings=\"{&quot;content_width&quot;:&quot;boxed&quot;}\" data-core-v316-plus=\"true\">\n\t\t\t\t\t<div class=\"e-con-inner\">\n\t\t<div class=\"elementor-element elementor-element-f650192 e-con-full e-flex e-con e-child\" data-id=\"f650192\" data-element_type=\"container\" data-settings=\"{&quot;content_width&quot;:&quot;full&quot;}\">\n\t\t\t\t<div class=\"elementor-element elementor-element-02741a3 elementor-widget elementor-widget-heading\" data-id=\"02741a3\" data-element_type=\"widget\" data-widget_type=\"heading.default\">\n\t\t\t\t<div class=\"elementor-widget-container\">\n\t\t\t<h2 class=\"elementor-heading-title elementor-size-default\">DIFERENTES FONTES DE FIBRAS COM DIFERENTES BENEF\u00cdCIOS\n<\/h2>\t\t<\/div>\n\t\t\t\t<\/div>\n\t\t\t\t<div class=\"elementor-element elementor-element-d5cf044 elementor-widget elementor-widget-text-editor\" data-id=\"d5cf044\" data-element_type=\"widget\" data-widget_type=\"text-editor.default\">\n\t\t\t\t<div class=\"elementor-widget-container\">\n\t\t\t<style>\/*! elementor - v3.19.0 - 28-02-2024 *\/\n.elementor-widget-text-editor.elementor-drop-cap-view-stacked .elementor-drop-cap{background-color:#69727d;color:#fff}.elementor-widget-text-editor.elementor-drop-cap-view-framed .elementor-drop-cap{color:#69727d;border:3px solid;background-color:transparent}.elementor-widget-text-editor:not(.elementor-drop-cap-view-default) .elementor-drop-cap{margin-top:8px}.elementor-widget-text-editor:not(.elementor-drop-cap-view-default) .elementor-drop-cap-letter{width:1em;height:1em}.elementor-widget-text-editor .elementor-drop-cap{float:left;text-align:center;line-height:1;font-size:50px}.elementor-widget-text-editor .elementor-drop-cap-letter{display:inline-block}<\/style>\t\t\t\t<p>\u00c9 um produto de origem natural, em p\u00f3, fonte de fibra sol\u00favel.<\/p><p>Contribui para o consumo di\u00e1rio de fibras alimentares.<\/p><p>Seu ingrediente principal \u00e9 elaborado de fibra de milho sol\u00favel.<\/p><p>Cada por\u00e7\u00e3o fornece 4g de fibra sol\u00favel.<\/p><p>As fibras auxiliam o bom funcionamento do intestino.<\/p><p>Ajuda a manter a sa\u00fade gastrintestinal<\/p><p>Apenas 5 kcal\/por\u00e7\u00e3o.<\/p>\t\t\t\t\t\t<\/div>\n\t\t\t\t<\/div>\n\t\t\t\t<\/div>\n\t\t<div class=\"elementor-element elementor-element-8d4868b e-con-full e-flex e-con e-child\" data-id=\"8d4868b\" data-element_type=\"container\" data-settings=\"{&quot;content_width&quot;:&quot;full&quot;}\">\n\t\t\t\t<div class=\"elementor-element elementor-element-7726485 elementor-widget elementor-widget-heading\" data-id=\"7726485\" data-element_type=\"widget\" data-widget_type=\"heading.default\">\n\t\t\t\t<div class=\"elementor-widget-container\">\n\t\t\t<h2 class=\"elementor-heading-title elementor-size-default\">COMO FUNCIONA<\/h2>\t\t<\/div>\n\t\t\t\t<\/div>\n\t\t\t\t<div class=\"elementor-element elementor-element-63c3f13 elementor-widget elementor-widget-text-editor\" data-id=\"63c3f13\" data-element_type=\"widget\" data-widget_type=\"text-editor.default\">\n\t\t\t\t<div class=\"elementor-widget-container\">\n\t\t\t\t\t\t\t<p>Fiber Powder* \u00e9 uma fibra em p\u00f3 de sabor neutro, pr\u00e1tica e f\u00e1cil de preparar, que fornece fibras para o seu dia a dia sem alterar os sabores e as texturas dos alimentos em que \u00e9 adicionado.<\/p><p>UMA NOVA MANEIRA DE CONSUMIR FIBRAS.<\/p><p>VERS\u00c1TIL PODE SER USADO QUENTE OU FRIO<\/p><p>DISSOLVE FACILMENTE<\/p><p>4G DE FIBRAS** 5 CALORIAS**<\/p><p>SABOR NEUTRO<\/p><p>\u00a0<\/p>\t\t\t\t\t\t<\/div>\n\t\t\t\t<\/div>\n\t\t\t\t<\/div>\n\t\t\t\t\t<\/div>\n\t\t\t\t<\/div>\n\t\t<div class=\"elementor-element elementor-element-9774015 e-flex e-con-boxed e-con e-parent\" data-id=\"9774015\" data-element_type=\"container\" data-settings=\"{&quot;background_background&quot;:&quot;classic&quot;,&quot;content_width&quot;:&quot;boxed&quot;}\" data-core-v316-plus=\"true\">\n\t\t\t\t\t<div class=\"e-con-inner\">\n\t\t<div class=\"elementor-element elementor-element-7b50376 e-con-full e-flex e-con e-child\" data-id=\"7b50376\" data-element_type=\"container\" data-settings=\"{&quot;content_width&quot;:&quot;full&quot;}\">\n\t\t\t\t<div class=\"elementor-element elementor-element-2023759 elementor-widget elementor-widget-image\" data-id=\"2023759\" data-element_type=\"widget\" data-widget_type=\"image.default\">\n\t\t\t\t<div class=\"elementor-widget-container\">\n\t\t\t\t\t\t\t\t\t\t\t\t\t<img decoding=\"async\" width=\"690\" height=\"510\" src=\"https:\/\/meuherba.com.br\/wp-content\/uploads\/2024\/03\/4-7351c-herbalifeline-90-cap.png\" class=\"attachment-large size-large wp-image-786\" alt=\"\" srcset=\"https:\/\/meuherba.com.br\/wp-content\/uploads\/2024\/03\/4-7351c-herbalifeline-90-cap.png 690w, https:\/\/meuherba.com.br\/wp-content\/uploads\/2024\/03\/4-7351c-herbalifeline-90-cap-300x222.png 300w\" sizes=\"(max-width: 690px) 100vw, 690px\" \/>\t\t\t\t\t\t\t\t\t\t\t\t\t<\/div>\n\t\t\t\t<\/div>\n\t\t\t\t<\/div>\n\t\t<div class=\"elementor-element elementor-element-d4569d1 e-con-full e-flex e-con e-child\" data-id=\"d4569d1\" data-element_type=\"container\" data-settings=\"{&quot;content_width&quot;:&quot;full&quot;}\">\n\t\t\t\t<div class=\"elementor-element elementor-element-a8c524b elementor-widget elementor-widget-heading\" data-id=\"a8c524b\" data-element_type=\"widget\" data-widget_type=\"heading.default\">\n\t\t\t\t<div class=\"elementor-widget-container\">\n\t\t\t<h2 class=\"elementor-heading-title elementor-size-default\">COMO PREPARAR\n<\/h2>\t\t<\/div>\n\t\t\t\t<\/div>\n\t\t\t\t<div class=\"elementor-element elementor-element-7e4a560 elementor-widget elementor-widget-image\" data-id=\"7e4a560\" data-element_type=\"widget\" data-widget_type=\"image.default\">\n\t\t\t\t<div class=\"elementor-widget-container\">\n\t\t\t\t\t\t\t\t\t\t\t\t\t<img decoding=\"async\" width=\"530\" height=\"300\" src=\"https:\/\/meuherba.com.br\/wp-content\/uploads\/2024\/03\/6-1517b-fiberbond-180-tablet.png\" class=\"attachment-large size-large wp-image-1284\" alt=\"\" srcset=\"https:\/\/meuherba.com.br\/wp-content\/uploads\/2024\/03\/6-1517b-fiberbond-180-tablet.png 530w, https:\/\/meuherba.com.br\/wp-content\/uploads\/2024\/03\/6-1517b-fiberbond-180-tablet-300x170.png 300w\" sizes=\"(max-width: 530px) 100vw, 530px\" \/>\t\t\t\t\t\t\t\t\t\t\t\t\t<\/div>\n\t\t\t\t<\/div>\n\t\t\t\t<\/div>\n\t\t\t\t\t<\/div>\n\t\t\t\t<\/div>\n\t\t<div class=\"elementor-element elementor-element-76446c5 e-flex e-con-boxed e-con e-parent\" data-id=\"76446c5\" data-element_type=\"container\" data-settings=\"{&quot;content_width&quot;:&quot;boxed&quot;}\" data-core-v316-plus=\"true\">\n\t\t\t\t\t<div class=\"e-con-inner\">\n\t\t\t\t<div class=\"elementor-element elementor-element-22d596e elementor-widget elementor-widget-heading\" data-id=\"22d596e\" data-element_type=\"widget\" data-widget_type=\"heading.default\">\n\t\t\t\t<div class=\"elementor-widget-container\">\n\t\t\t<h2 class=\"elementor-heading-title elementor-size-default\">INFORMA\u00c7\u00c3O NUTRICIONAL\n<\/h2>\t\t<\/div>\n\t\t\t\t<\/div>\n\t\t\t\t<div class=\"elementor-element elementor-element-1001188 elementor-widget elementor-widget-image\" data-id=\"1001188\" data-element_type=\"widget\" data-widget_type=\"image.default\">\n\t\t\t\t<div class=\"elementor-widget-container\">\n\t\t\t\t\t\t\t\t\t\t\t\t\t<img loading=\"lazy\" decoding=\"async\" width=\"800\" height=\"245\" src=\"https:\/\/meuherba.com.br\/wp-content\/uploads\/2024\/03\/6-4052d-fiberbond-180-tablet-1024x313.webp\" class=\"attachment-large size-large wp-image-451\" alt=\"\" srcset=\"https:\/\/meuherba.com.br\/wp-content\/uploads\/2024\/03\/6-4052d-fiberbond-180-tablet-1024x313.webp 1024w, https:\/\/meuherba.com.br\/wp-content\/uploads\/2024\/03\/6-4052d-fiberbond-180-tablet-300x92.webp 300w, https:\/\/meuherba.com.br\/wp-content\/uploads\/2024\/03\/6-4052d-fiberbond-180-tablet-768x235.webp 768w, https:\/\/meuherba.com.br\/wp-content\/uploads\/2024\/03\/6-4052d-fiberbond-180-tablet-1536x470.webp 1536w, https:\/\/meuherba.com.br\/wp-content\/uploads\/2024\/03\/6-4052d-fiberbond-180-tablet-1320x404.webp 1320w, https:\/\/meuherba.com.br\/wp-content\/uploads\/2024\/03\/6-4052d-fiberbond-180-tablet-600x183.webp 600w, https:\/\/meuherba.com.br\/wp-content\/uploads\/2024\/03\/6-4052d-fiberbond-180-tablet-64x20.webp 64w, https:\/\/meuherba.com.br\/wp-content\/uploads\/2024\/03\/6-4052d-fiberbond-180-tablet.webp 1920w\" sizes=\"(max-width: 800px) 100vw, 800px\" \/>\t\t\t\t\t\t\t\t\t\t\t\t\t<\/div>\n\t\t\t\t<\/div>\n\t\t\t\t\t<\/div>\n\t\t\t\t<\/div>\n\t\t\t\t<\/div>\n\t\t","protected":false},"excerpt":{"rendered":"<p>Fiberbond 180 Tabletes Quero adiquirir DIFERENTES FONTES DE FIBRAS COM DIFERENTES BENEF\u00cdCIOS \u00c9 um produto de origem natural, em p\u00f3, fonte de fibra sol\u00favel. Contribui para o consumo di\u00e1rio de fibras alimentares. Seu ingrediente principal \u00e9 elaborado de fibra de milho sol\u00favel. Cada por\u00e7\u00e3o fornece 4g de fibra sol\u00favel. As fibras auxiliam o bom funcionamento [&hellip;]<\/p>\n","protected":false},"author":1,"featured_media":0,"parent":0,"menu_order":0,"comment_status":"closed","ping_status":"closed","template":"elementor_header_footer","meta":{"footnotes":""},"_links":{"self":[{"href":"https:\/\/meuherba.com.br\/index.php\/wp-json\/wp\/v2\/pages\/466"}],"collection":[{"href":"https:\/\/meuherba.com.br\/index.php\/wp-json\/wp\/v2\/pages"}],"about":[{"href":"https:\/\/meuherba.com.br\/index.php\/wp-json\/wp\/v2\/types\/page"}],"author":[{"embeddable":true,"href":"https:\/\/meuherba.com.br\/index.php\/wp-json\/wp\/v2\/users\/1"}],"replies":[{"embeddable":true,"href":"https:\/\/meuherba.com.br\/index.php\/wp-json\/wp\/v2\/comments?post=466"}],"version-history":[{"count":31,"href":"https:\/\/meuherba.com.br\/index.php\/wp-json\/wp\/v2\/pages\/466\/revisions"}],"predecessor-version":[{"id":2090,"href":"https:\/\/meuherba.com.br\/index.php\/wp-json\/wp\/v2\/pages\/466\/revisions\/2090"}],"wp:attachment":[{"href":"https:\/\/meuherba.com.br\/index.php\/wp-json\/wp\/v2\/media?parent=466"}],"curies":[{"name":"wp","href":"https:\/\/api.w.org\/{rel}","templated":true}]}}